{"id":1007,"date":"2015-10-28T23:00:49","date_gmt":"2015-10-28T21:00:49","guid":{"rendered":"http:\/\/sg-pottenstein.de\/?page_id=1007"},"modified":"2024-04-04T10:04:30","modified_gmt":"2024-04-04T08:04:30","slug":"vorstand","status":"publish","type":"page","link":"https:\/\/sg-pottenstein.de\/?page_id=1007","title":{"rendered":"Vorstand"},"content":{"rendered":"<p>&nbsp;<\/p>\n<h4>Der Vorstand der Sch\u00fctzengesellschaft Pottenstein stellt sich vor<\/h4>\n<p>&nbsp;<\/p>\n<figure class=\"gesamt\">\n<figure class=\"einzelVorstand\"><img decoding=\"async\" src=\"https:\/\/sg-pottenstein.de\/wp-content\/uploads\/2016\/03\/Hense-Albert-VS-e1457290915581.jpg\" alt=\"\"><figcaption class=\"einzel\">1. Sch\u00fctzenmeister<br \/>\nHense Albert<\/figcaption><\/figure>\n<figure class=\"einzelVorstand\"><img decoding=\"async\" src=\"https:\/\/sg-pottenstein.de\/wp-content\/uploads\/2015\/10\/Brendel-Eva-VS-1.jpg\" alt=\"\">&nbsp;<figcaption class=\"einzel\">2. Sch\u00fctzenmeisterin<br \/>\nBrendel Eva<\/figcaption><\/figure>\n<figure class=\"einzelVorstand\"><img decoding=\"async\" src=\"https:\/\/sg-pottenstein.de\/wp-content\/uploads\/2015\/10\/Schlesinger-Linda_MS.jpg\" alt=\"\">&nbsp;<figcaption class=\"einzel\">1. Schriftf\u00fchrerin<br \/>\nSchlesinger Linda<\/figcaption><\/figure>\n<figure class=\"einzelVorstand\"><img decoding=\"async\" src=\"https:\/\/sg-pottenstein.de\/wp-content\/uploads\/2015\/10\/Weidner-VS-1.jpg\" alt=\"\">&nbsp;<figcaption class=\"einzel\">2. Schriftf\u00fchrer<br \/>\nWeidner Michael<\/figcaption><\/figure>\n<figure class=\"einzelVorstand\"><img decoding=\"async\" src=\"https:\/\/sg-pottenstein.de\/wp-content\/uploads\/2024\/03\/Platzhalter.jpg\" alt=\"\">&nbsp;<figcaption class=\"einzel\">Kassier<br \/>\nHofmann Madeleine<\/figcaption><\/figure>\n<figure class=\"einzelVorstand\"><img decoding=\"async\" src=\"https:\/\/sg-pottenstein.de\/wp-content\/uploads\/2016\/04\/Bayer-Thomas-VS.jpg\" alt=\"\">&nbsp;<figcaption class=\"einzel\">1. Sportleiter<br \/>\nBayer Thomas<\/figcaption><\/figure>\n<figure class=\"einzelVorstand\"><img decoding=\"async\" src=\"https:\/\/sg-pottenstein.de\/wp-content\/uploads\/2015\/10\/Quoika-VS-1.jpg\" alt=\"\">&nbsp;<figcaption class=\"einzel\">2. Sportleiter<br \/>\nQuoika Norbert<\/figcaption><\/figure>\n<figure class=\"einzelVorstand\"><img decoding=\"async\" src=\"https:\/\/sg-pottenstein.de\/wp-content\/uploads\/2015\/10\/Spahl-Alexander_MS.jpg\" alt=\"\">&nbsp;<figcaption class=\"einzel\">Jugendleiter<br \/>\nSpahl Alexander<\/figcaption><\/figure>\n<figure class=\"einzelVorstand\"><img decoding=\"async\" src=\"https:\/\/sg-pottenstein.de\/wp-content\/uploads\/2024\/03\/Platzhalter.jpg\" alt=\"\">&nbsp;<figcaption class=\"einzel\">2. Jugendleiterin<br \/>\nHense Miriam<\/figcaption><\/figure>\n<figure class=\"einzelVorstand\"><img decoding=\"async\" src=\"https:\/\/sg-pottenstein.de\/wp-content\/uploads\/2015\/10\/Henkel-VS-1.jpg\" alt=\"\">&nbsp;<figcaption class=\"einzel\">Damenleiterin<br \/>\nHenkel Margit<\/figcaption><\/figure>\n<figure class=\"einzelVorstand\"><img decoding=\"async\" src=\"https:\/\/sg-pottenstein.de\/wp-content\/uploads\/2015\/10\/Brendel-J\u00fcrgen-VS-1.jpg\" alt=\"\">&nbsp;<figcaption class=\"einzel\">Beisitzer<br \/>\nBrendel J\u00fcrgen<\/figcaption><\/figure>\n<figure class=\"einzelVorstand\"><img decoding=\"async\" src=\"https:\/\/sg-pottenstein.de\/wp-content\/uploads\/2015\/10\/Br\u00fctting-VS-1.jpg\" alt=\"\">&nbsp;<figcaption class=\"einzel\">Beisitzer<br \/>\nBr\u00fctting Stephan<\/figcaption><\/figure>\n<figure class=\"einzelVorstand\"><img decoding=\"async\" src=\"https:\/\/sg-pottenstein.de\/wp-content\/uploads\/2015\/10\/Hofmann-Tim_MS.jpg\" alt=\"\">&nbsp;<figcaption class=\"einzel\">Beisitzer<br \/>\nHofmann Tim<\/figcaption><\/figure>\n<figure class=\"einzelVorstand\"><img decoding=\"async\" src=\"https:\/\/sg-pottenstein.de\/wp-content\/uploads\/2024\/03\/Platzhalter.jpg\" alt=\"\">&nbsp;<figcaption class=\"einzel\">Beisitzer<br \/>\nR\u00f6lli Christoph<\/figcaption><\/figure>\n<figure class=\"einzelVorstand\"><img decoding=\"async\" src=\"https:\/\/sg-pottenstein.de\/wp-content\/uploads\/2024\/03\/Platzhalter.jpg\" alt=\"\">&nbsp;<figcaption class=\"einzel\">Beisitzer<br \/>\nS\u00fcnkel Tino<\/figcaption><\/figure>\n<\/figure>\n","protected":false},"excerpt":{"rendered":"<p>&nbsp; Der Vorstand der Sch\u00fctzengesellschaft Pottenstein stellt sich vor &nbsp; 1. Sch\u00fctzenmeister Hense Albert &nbsp;2. Sch\u00fctzenmeisterin Brendel Eva &nbsp;1. Schriftf\u00fchrerin Schlesinger Linda &nbsp;2. Schriftf\u00fchrer Weidner Michael &nbsp;Kassier Hofmann Madeleine &nbsp;1. Sportleiter Bayer Thomas &nbsp;2. Sportleiter Quoika Norbert &nbsp;Jugendleiter Spahl Alexander &nbsp;2. Jugendleiterin Hense Miriam &nbsp;Damenleiterin Henkel Margit &nbsp;Beisitzer Brendel J\u00fcrgen &nbsp;Beisitzer Br\u00fctting Stephan &nbsp;Beisitzer Hofmann [&hellip;]<\/p>\n","protected":false},"author":1,"featured_media":0,"parent":524,"menu_order":0,"comment_status":"closed","ping_status":"closed","template":"page_Verein.php","meta":{"ngg_post_thumbnail":0,"footnotes":""},"class_list":["post-1007","page","type-page","status-publish","hentry"],"_links":{"self":[{"href":"https:\/\/sg-pottenstein.de\/index.php?rest_route=\/wp\/v2\/pages\/1007","targetHints":{"allow":["GET"]}}],"collection":[{"href":"https:\/\/sg-pottenstein.de\/index.php?rest_route=\/wp\/v2\/pages"}],"about":[{"href":"https:\/\/sg-pottenstein.de\/index.php?rest_route=\/wp\/v2\/types\/page"}],"author":[{"embeddable":true,"href":"https:\/\/sg-pottenstein.de\/index.php?rest_route=\/wp\/v2\/users\/1"}],"replies":[{"embeddable":true,"href":"https:\/\/sg-pottenstein.de\/index.php?rest_route=%2Fwp%2Fv2%2Fcomments&post=1007"}],"version-history":[{"count":49,"href":"https:\/\/sg-pottenstein.de\/index.php?rest_route=\/wp\/v2\/pages\/1007\/revisions"}],"predecessor-version":[{"id":227269,"href":"https:\/\/sg-pottenstein.de\/index.php?rest_route=\/wp\/v2\/pages\/1007\/revisions\/227269"}],"up":[{"embeddable":true,"href":"https:\/\/sg-pottenstein.de\/index.php?rest_route=\/wp\/v2\/pages\/524"}],"wp:attachment":[{"href":"https:\/\/sg-pottenstein.de\/index.php?rest_route=%2Fwp%2Fv2%2Fmedia&parent=1007"}],"curies":[{"name":"wp","href":"https:\/\/api.w.org\/{rel}","templated":true}]}}