{"id":579,"date":"2015-10-05T21:44:12","date_gmt":"2015-10-05T19:44:12","guid":{"rendered":"http:\/\/sg-pottenstein.de\/?page_id=579"},"modified":"2016-01-07T21:19:08","modified_gmt":"2016-01-07T19:19:08","slug":"sport","status":"publish","type":"page","link":"https:\/\/sg-pottenstein.de\/?page_id=579","title":{"rendered":"Sport"},"content":{"rendered":"<p>&nbsp;<br \/>\nUnser <a href=\"http:\/\/sg-pottenstein.de\/?page_id=531\">Schie\u00dfhaus<\/a> befindet sich im Brauereigasthof Mager, in der Pottensteiner Ortsmitte gegen\u00fcber der Stadtkirche.<br \/>\n<br \/>\n<img decoding=\"async\" src=\"http:\/\/sg-pottenstein.de\/wp-content\/uploads\/2015\/10\/DSC03727.jpg\" \/><br \/>\n<br \/>\nWir verf\u00fcgen \u00fcber acht hochmoderne, elektronische Schie\u00dfst\u00e4nde f\u00fcr Luftgewehr und Luftpistole.<\/p>\n","protected":false},"excerpt":{"rendered":"<p>&nbsp; Unser Schie\u00dfhaus befindet sich im Brauereigasthof Mager, in der Pottensteiner Ortsmitte gegen\u00fcber der Stadtkirche. Wir verf\u00fcgen \u00fcber acht hochmoderne, elektronische Schie\u00dfst\u00e4nde f\u00fcr Luftgewehr und Luftpistole.<\/p>\n","protected":false},"author":1,"featured_media":0,"parent":0,"menu_order":0,"comment_status":"closed","ping_status":"closed","template":"page_Sport.php","meta":{"ngg_post_thumbnail":0,"footnotes":""},"class_list":["post-579","page","type-page","status-publish","hentry"],"_links":{"self":[{"href":"https:\/\/sg-pottenstein.de\/index.php?rest_route=\/wp\/v2\/pages\/579","targetHints":{"allow":["GET"]}}],"collection":[{"href":"https:\/\/sg-pottenstein.de\/index.php?rest_route=\/wp\/v2\/pages"}],"about":[{"href":"https:\/\/sg-pottenstein.de\/index.php?rest_route=\/wp\/v2\/types\/page"}],"author":[{"embeddable":true,"href":"https:\/\/sg-pottenstein.de\/index.php?rest_route=\/wp\/v2\/users\/1"}],"replies":[{"embeddable":true,"href":"https:\/\/sg-pottenstein.de\/index.php?rest_route=%2Fwp%2Fv2%2Fcomments&post=579"}],"version-history":[{"count":5,"href":"https:\/\/sg-pottenstein.de\/index.php?rest_route=\/wp\/v2\/pages\/579\/revisions"}],"predecessor-version":[{"id":1068,"href":"https:\/\/sg-pottenstein.de\/index.php?rest_route=\/wp\/v2\/pages\/579\/revisions\/1068"}],"wp:attachment":[{"href":"https:\/\/sg-pottenstein.de\/index.php?rest_route=%2Fwp%2Fv2%2Fmedia&parent=579"}],"curies":[{"name":"wp","href":"https:\/\/api.w.org\/{rel}","templated":true}]}}