{"id":639,"date":"2015-10-05T23:17:51","date_gmt":"2015-10-05T21:17:51","guid":{"rendered":"http:\/\/sg-pottenstein.de\/?page_id=639"},"modified":"2025-09-19T09:56:03","modified_gmt":"2025-09-19T07:56:03","slug":"schuetzenkoenige","status":"publish","type":"page","link":"https:\/\/sg-pottenstein.de\/?page_id=639","title":{"rendered":"Sch\u00fctzenk\u00f6nige"},"content":{"rendered":"<div style=\"margin-left: 0px; position: relative; width: 700px; z-index: 5;\">\n<div style=\"height: 0px; line-height: 0px;\">&nbsp;<\/div>\n<div style=\"height: 1px; line-height: 1px;\">&nbsp;<\/div>\n<div style=\"height: 420px; margin-left: 240px; margin-top: 50px; position: relative; width: 220px; z-index: 1;\">\n<div style=\"padding: 0px;\">\n<div>\n<p style=\"padding-top: 0pt;\">1990 Neupert Hartmut<\/p>\n<p>1989 Endre\u00df Fritz<\/p>\n<p>1988 Quoika Norbert<\/p>\n<p>1987 Eckert Barbara<\/p>\n<p>1986 R\u00f6hrer Klaus<\/p>\n<p>1985 Bruckmayer Theo<\/p>\n<p>1984 Eckert Reinhard<\/p>\n<p>1983 Gebhard Alexander<\/p>\n<p>1982 G\u00e4rtner Peter<\/p>\n<p>1981 Zambelli Johann<\/p>\n<p>1980 Schlesinger Josef<\/p>\n<p>1979 Zambelli Johann<\/p>\n<p>1978 Birner G\u00fcnther<\/p>\n<p>1977 Endre\u00df Fritz<\/p>\n<p>1976 R\u00f6hrer Klaus<\/p>\n<p>1975 R\u00f6hrer Klaus<\/p>\n<p>1974 Leistner Fritz<\/p>\n<p>1973 Haberberger Leonhard<\/p>\n<p>1972 Leistner Fritz<\/p>\n<p>1971 Br\u00fctting Willi<\/p>\n<p>1970 Schlesinger Josef<\/p>\n<p>1969 Engelhardt Willi<\/p>\n<p>1968 Malter Heiner<\/p>\n<p>1967 Heckel Manfred<\/p>\n<p style=\"padding-bottom: 0pt;\">1966 Jahn Otti<\/p>\n<\/div>\n<\/div>\n<\/div>\n<div class=\"style_SkipStroke_3 shape-with-text\" style=\"height: 25px; left: 20px; position: absolute; top: 11px; width: 440px; z-index: 1;\">\n<div style=\"padding: 0px;\">\n<div>\n<p style=\"padding-bottom: 0pt; padding-top: 0pt;\">seit 1966<\/p>\n<\/div>\n<\/div>\n<\/div>\n<div style=\"height: 420px; left: 20px; position: absolute; top: 51px; width: 220px; z-index: 1;\">\n<div style=\"padding: 0px;\">\n<div>\n<p style=\"padding-top: 0pt;\">2025 Brendel Eva<\/p>\n<p>2024 Weidner Michael<br \/>\n2023 Schlesinger Linda<br \/>\n2022 Schmitt Petra<br \/>\n2021 Spahl Alexander<br \/>\n2020 Brendel Eva<br \/>\n2019 Brendel J\u00fcrgen<br \/>\n2018 Henkel Margit<br \/>\n2017 Henkel Margit<\/p>\n<p>2016 Bayer Thomas<\/p>\n<p>2015 Schlesinger Linda<\/p>\n<p>2014 Henkel Margit<\/p>\n<p>2013 Schlesinger Linda<\/p>\n<p>2012 Eckert Barbara<\/p>\n<p>2011 Eckert Reinhard<\/p>\n<p>2010 Schmitt Petra<\/p>\n<p>2009 Brendel Eva<\/p>\n<p>2008 Gr\u00f6tzner Klaus<\/p>\n<p>2007 Weidner Michael<\/p>\n<p>2006 Weidner Michael<\/p>\n<p>2005 Brendel Eva<\/p>\n<p>2004 Weidner Michael<\/p>\n<p>2003 Henkel Margit<\/p>\n<p>2002 Brendel J\u00fcrgen<\/p>\n<p>2001 M\u00fcller Konrad<\/p>\n<p>2000 Schmatz Roland<\/p>\n<p>1999 Schmatz Roland<\/p>\n<p>1998 Engelhardt Willi<\/p>\n<p>1997 Brendel Eva<\/p>\n<p>1996 M\u00fcller Margarete<\/p>\n<p>1995 L\u00f6hr Markus<\/p>\n<p>1994 Neupert Hartmut<\/p>\n<p>1993 Eckert Reinhard<\/p>\n<p>1992 Schlesinger Josef<\/p>\n<p style=\"padding-bottom: 0pt;\">1991 Haberberger Stephan<\/p>\n<\/div>\n<\/div>\n<\/div>\n<\/div>\n","protected":false},"excerpt":{"rendered":"<p>&nbsp; &nbsp; 1990 Neupert Hartmut 1989 Endre\u00df Fritz 1988 Quoika Norbert 1987 Eckert Barbara 1986 R\u00f6hrer Klaus 1985 Bruckmayer Theo 1984 Eckert Reinhard 1983 Gebhard Alexander 1982 G\u00e4rtner Peter 1981 Zambelli Johann 1980 Schlesinger Josef 1979 Zambelli Johann 1978 Birner G\u00fcnther 1977 Endre\u00df Fritz 1976 R\u00f6hrer Klaus 1975 R\u00f6hrer Klaus 1974 Leistner Fritz 1973 Haberberger [&hellip;]<\/p>\n","protected":false},"author":1,"featured_media":0,"parent":579,"menu_order":0,"comment_status":"closed","ping_status":"closed","template":"page_Sport.php","meta":{"ngg_post_thumbnail":0,"footnotes":""},"class_list":["post-639","page","type-page","status-publish","hentry"],"_links":{"self":[{"href":"https:\/\/sg-pottenstein.de\/index.php?rest_route=\/wp\/v2\/pages\/639","targetHints":{"allow":["GET"]}}],"collection":[{"href":"https:\/\/sg-pottenstein.de\/index.php?rest_route=\/wp\/v2\/pages"}],"about":[{"href":"https:\/\/sg-pottenstein.de\/index.php?rest_route=\/wp\/v2\/types\/page"}],"author":[{"embeddable":true,"href":"https:\/\/sg-pottenstein.de\/index.php?rest_route=\/wp\/v2\/users\/1"}],"replies":[{"embeddable":true,"href":"https:\/\/sg-pottenstein.de\/index.php?rest_route=%2Fwp%2Fv2%2Fcomments&post=639"}],"version-history":[{"count":19,"href":"https:\/\/sg-pottenstein.de\/index.php?rest_route=\/wp\/v2\/pages\/639\/revisions"}],"predecessor-version":[{"id":227362,"href":"https:\/\/sg-pottenstein.de\/index.php?rest_route=\/wp\/v2\/pages\/639\/revisions\/227362"}],"up":[{"embeddable":true,"href":"https:\/\/sg-pottenstein.de\/index.php?rest_route=\/wp\/v2\/pages\/579"}],"wp:attachment":[{"href":"https:\/\/sg-pottenstein.de\/index.php?rest_route=%2Fwp%2Fv2%2Fmedia&parent=639"}],"curies":[{"name":"wp","href":"https:\/\/api.w.org\/{rel}","templated":true}]}}