{"id":662,"date":"2015-10-06T21:01:33","date_gmt":"2015-10-06T19:01:33","guid":{"rendered":"http:\/\/sg-pottenstein.de\/?page_id=662"},"modified":"2025-09-19T09:59:46","modified_gmt":"2025-09-19T07:59:46","slug":"vereinsmeister","status":"publish","type":"page","link":"https:\/\/sg-pottenstein.de\/?page_id=662","title":{"rendered":"Vereinsmeister"},"content":{"rendered":"<div style=\"margin-left: 0px; position: relative; width: 700px; z-index: 5;\">\n<div style=\"height: 0px; line-height: 0px;\">&nbsp;<\/div>\n<div style=\"height: 1px; line-height: 1px;\">&nbsp;<\/div>\n<div id=\"id3\" style=\"height: 420px; margin-left: 240px; margin-top: 50px; position: relative; width: 220px; z-index: 1;\">\n<div style=\"padding: 0px;\">\n<div>\n<p class=\"paragraph_style_1\" style=\"padding-top: 0pt;\">1989 Frosch Josef<\/p>\n<p class=\"paragraph_style_1\">1988 Gr\u00f6tzner Klaus<\/p>\n<p class=\"paragraph_style_1\">1987 Frosch Josef<\/p>\n<p class=\"paragraph_style_1\">1986 Eckert Reinhard<\/p>\n<p class=\"paragraph_style_1\">1985 Eckert Reinhard<\/p>\n<p class=\"paragraph_style_1\">1984 Frosch Josef<\/p>\n<p class=\"paragraph_style_1\">1983 Frosch Josef<\/p>\n<p class=\"paragraph_style_1\">1982 Frosch Josef<\/p>\n<p class=\"paragraph_style_1\">1981 Endre\u00df Fritz<\/p>\n<p class=\"paragraph_style_1\">1980 Endre\u00df Fritz<\/p>\n<p class=\"paragraph_style_1\">1979 Endre\u00df Fritz<\/p>\n<p class=\"paragraph_style_1\">1978 Endre\u00df Fritz<\/p>\n<p class=\"paragraph_style_1\">1977 Endre\u00df Fritz<\/p>\n<p class=\"paragraph_style_1\">1976 Engelhardt Willi<\/p>\n<p class=\"paragraph_style_1\">1975 Engelhardt Willi<\/p>\n<p class=\"paragraph_style_1\">1974 Zambelli Johann<\/p>\n<p class=\"paragraph_style_1\">1973 Br\u00fctting Willi<\/p>\n<p class=\"paragraph_style_1\">1972 Engelhardt Willi<\/p>\n<p class=\"paragraph_style_1\">1971 Br\u00fctting Willi<\/p>\n<p class=\"paragraph_style_1\">1970 Br\u00fctting Willi<\/p>\n<p class=\"paragraph_style_1\">1969 Br\u00fctting Willi<\/p>\n<p class=\"paragraph_style_1\">1968 R\u00f6hrer Klaus<\/p>\n<p class=\"paragraph_style_1\">1967 R\u00f6hrer Klaus<\/p>\n<p class=\"paragraph_style_1\">1966 L\u00f6w Heiner<\/p>\n<p class=\"paragraph_style_1\" style=\"padding-bottom: 0pt;\">1965 Engelhardt Willi<\/p>\n<p>&nbsp;<\/p>\n<\/div>\n<p>&nbsp;<\/p>\n<\/div>\n<p>&nbsp;<\/p>\n<\/div>\n<div class=\"style_SkipStroke_3 shape-with-text\" style=\"height: 25px; left: 20px; position: absolute; top: 11px; width: 440px; z-index: 1;\">\n<div style=\"padding: 0px;\">\n<div>\n<p style=\"padding-bottom: 0pt; padding-top: 0pt;\">(aller Klassen) seit 1965<\/p>\n<p>&nbsp;<\/p>\n<\/div>\n<p>&nbsp;<\/p>\n<\/div>\n<p>&nbsp;<\/p>\n<\/div>\n<div id=\"id6\" class=\"style_SkipStroke_2 shape-with-text\" style=\"height: 420px; left: 20px; position: absolute; top: 51px; width: 220px; z-index: 1;\">\n<div class=\"text-content Normal_External_220_420\" style=\"padding: 0px;\">\n<div class=\"Normal\">\n<p class=\"paragraph_style_1\" style=\"padding-top: 0pt;\">2024 Schmitt Alexandra<\/p>\n<p class=\"paragraph_style_1\">2023 Hense Albert<\/p>\n<p class=\"paragraph_style_1\">2022 Schmitt Alexandra<\/p>\n<p class=\"paragraph_style_1\">2021 &#8211;<\/p>\n<p class=\"paragraph_style_1\">2020 &#8211;<\/p>\n<p class=\"paragraph_style_1\">2019 Spahl Alexander<\/p>\n<p class=\"paragraph_style_1\">2018 Hense Albert<\/p>\n<p class=\"paragraph_style_1\">2017 Hofmann Tim<\/p>\n<p class=\"paragraph_style_1\">2016 Schlesinger Linda<\/p>\n<p class=\"paragraph_style_1\">2015 Schmitt Alexandra<\/p>\n<p class=\"paragraph_style_1\">2014 Gr\u00f6tzner Klaus<\/p>\n<p class=\"paragraph_style_1\">2013 Schmitt Alexandra<\/p>\n<p class=\"paragraph_style_1\">2012 Brendel Eva<\/p>\n<p class=\"paragraph_style_1\">2011 Brendel Eva<\/p>\n<p class=\"paragraph_style_1\">2010 Brendel Eva<\/p>\n<p class=\"paragraph_style_1\">2009 Brendel Eva<\/p>\n<p class=\"paragraph_style_1\">2008 Brendel Eva<\/p>\n<p class=\"paragraph_style_1\">2007 Brendel Eva<\/p>\n<p class=\"paragraph_style_1\">2006 Brendel Eva<\/p>\n<p class=\"paragraph_style_1\">2004 Weidner Michael<\/p>\n<p class=\"paragraph_style_1\">2003 Brendel Eva<\/p>\n<p class=\"paragraph_style_1\">2002 Brendel Eva<\/p>\n<p class=\"paragraph_style_1\">2001 Brendel Eva<\/p>\n<p class=\"paragraph_style_1\">2000 Gr\u00f6tzner Klaus<\/p>\n<p class=\"paragraph_style_1\">1999 Schmatz Petra<\/p>\n<p class=\"paragraph_style_1\">1998 Schmatz Petra<\/p>\n<p class=\"paragraph_style_1\">1997 Gr\u00f6tzner Klaus<\/p>\n<p class=\"paragraph_style_1\">1996 Gr\u00f6tzner Klaus<\/p>\n<p class=\"paragraph_style_1\">1995 Gr\u00f6tzner Klaus<\/p>\n<p class=\"paragraph_style_1\">1994 Frosch Josef<\/p>\n<p class=\"paragraph_style_1\">1993 L\u00f6hr Markus<\/p>\n<p class=\"paragraph_style_1\">1992 Frosch Josef<\/p>\n<p class=\"paragraph_style_1\">1991 Frosch Josef<\/p>\n<p class=\"paragraph_style_1\" style=\"padding-bottom: 0pt;\">1990 Frosch Josef<\/p>\n<p>&nbsp;<\/p>\n<\/div>\n<p>&nbsp;<\/p>\n<\/div>\n<p>&nbsp;<\/p>\n<\/div>\n<p>&nbsp;<\/p>\n<\/div>\n","protected":false},"excerpt":{"rendered":"<p>&nbsp; &nbsp; 1989 Frosch Josef 1988 Gr\u00f6tzner Klaus 1987 Frosch Josef 1986 Eckert Reinhard 1985 Eckert Reinhard 1984 Frosch Josef 1983 Frosch Josef 1982 Frosch Josef 1981 Endre\u00df Fritz 1980 Endre\u00df Fritz 1979 Endre\u00df Fritz 1978 Endre\u00df Fritz 1977 Endre\u00df Fritz 1976 Engelhardt Willi 1975 Engelhardt Willi 1974 Zambelli Johann 1973 Br\u00fctting Willi 1972 Engelhardt [&hellip;]<\/p>\n","protected":false},"author":1,"featured_media":0,"parent":579,"menu_order":0,"comment_status":"closed","ping_status":"closed","template":"page_Sport.php","meta":{"ngg_post_thumbnail":0,"footnotes":""},"class_list":["post-662","page","type-page","status-publish","hentry"],"_links":{"self":[{"href":"https:\/\/sg-pottenstein.de\/index.php?rest_route=\/wp\/v2\/pages\/662","targetHints":{"allow":["GET"]}}],"collection":[{"href":"https:\/\/sg-pottenstein.de\/index.php?rest_route=\/wp\/v2\/pages"}],"about":[{"href":"https:\/\/sg-pottenstein.de\/index.php?rest_route=\/wp\/v2\/types\/page"}],"author":[{"embeddable":true,"href":"https:\/\/sg-pottenstein.de\/index.php?rest_route=\/wp\/v2\/users\/1"}],"replies":[{"embeddable":true,"href":"https:\/\/sg-pottenstein.de\/index.php?rest_route=%2Fwp%2Fv2%2Fcomments&post=662"}],"version-history":[{"count":17,"href":"https:\/\/sg-pottenstein.de\/index.php?rest_route=\/wp\/v2\/pages\/662\/revisions"}],"predecessor-version":[{"id":227366,"href":"https:\/\/sg-pottenstein.de\/index.php?rest_route=\/wp\/v2\/pages\/662\/revisions\/227366"}],"up":[{"embeddable":true,"href":"https:\/\/sg-pottenstein.de\/index.php?rest_route=\/wp\/v2\/pages\/579"}],"wp:attachment":[{"href":"https:\/\/sg-pottenstein.de\/index.php?rest_route=%2Fwp%2Fv2%2Fmedia&parent=662"}],"curies":[{"name":"wp","href":"https:\/\/api.w.org\/{rel}","templated":true}]}}