{"id":761,"date":"2015-10-06T23:21:10","date_gmt":"2015-10-06T21:21:10","guid":{"rendered":"http:\/\/sg-pottenstein.de\/?page_id=761"},"modified":"2024-04-04T10:03:37","modified_gmt":"2024-04-04T08:03:37","slug":"boellerschuetzen","status":"publish","type":"page","link":"https:\/\/sg-pottenstein.de\/?page_id=761","title":{"rendered":"B\u00f6llersch\u00fctzen"},"content":{"rendered":"<p>&nbsp;<\/p>\n<p>Unsere B\u00f6llergruppe besteht zur Zeit aus sechs aktiven B\u00f6llersch\u00fctzen.<\/p>\n<p>&nbsp;<\/p>\n<p>Sie unterst\u00fctzen den Verein bei Geburtstagen, Taufen und Hochzeiten von Vereinsmitgliedern und bei Vereinsjubil\u00e4en mit Salutsch\u00fcssen. Auch das allj\u00e4hrliche Johannisfeuer der Sch\u00fctzengesellschaft Pottenstein wird von den B\u00f6llersch\u00fctzen er\u00f6ffnet.<br \/>\n&nbsp;<br \/>\n<img decoding=\"async\" src=\"http:\/\/sg-pottenstein.de\/wp-content\/uploads\/2015\/10\/CIMG5962-1024x768.jpg\" alt=\"CIMG5962\" width=\"653\" \/><br \/>\n&nbsp;<br \/>\nJedes Jahr nehmen sie am Gaub\u00f6llertreffen des Sch\u00fctzengaues Pegnitzgrund teil. Im Jahr 2009 war unser Verein Gastgeber dieses Treffens und durfte \u00fcber 120 B\u00f6llersch\u00fctzen begr\u00fc\u00dfen.<\/p>\n","protected":false},"excerpt":{"rendered":"<p>&nbsp; Unsere B\u00f6llergruppe besteht zur Zeit aus sechs aktiven B\u00f6llersch\u00fctzen. &nbsp; Sie unterst\u00fctzen den Verein bei Geburtstagen, Taufen und Hochzeiten von Vereinsmitgliedern und bei Vereinsjubil\u00e4en mit Salutsch\u00fcssen. Auch das allj\u00e4hrliche Johannisfeuer der Sch\u00fctzengesellschaft Pottenstein wird von den B\u00f6llersch\u00fctzen er\u00f6ffnet. &nbsp; &nbsp; Jedes Jahr nehmen sie am Gaub\u00f6llertreffen des Sch\u00fctzengaues Pegnitzgrund teil. Im Jahr 2009 war [&hellip;]<\/p>\n","protected":false},"author":1,"featured_media":0,"parent":579,"menu_order":0,"comment_status":"closed","ping_status":"closed","template":"page_Sport.php","meta":{"ngg_post_thumbnail":0,"footnotes":""},"class_list":["post-761","page","type-page","status-publish","hentry"],"_links":{"self":[{"href":"https:\/\/sg-pottenstein.de\/index.php?rest_route=\/wp\/v2\/pages\/761","targetHints":{"allow":["GET"]}}],"collection":[{"href":"https:\/\/sg-pottenstein.de\/index.php?rest_route=\/wp\/v2\/pages"}],"about":[{"href":"https:\/\/sg-pottenstein.de\/index.php?rest_route=\/wp\/v2\/types\/page"}],"author":[{"embeddable":true,"href":"https:\/\/sg-pottenstein.de\/index.php?rest_route=\/wp\/v2\/users\/1"}],"replies":[{"embeddable":true,"href":"https:\/\/sg-pottenstein.de\/index.php?rest_route=%2Fwp%2Fv2%2Fcomments&post=761"}],"version-history":[{"count":9,"href":"https:\/\/sg-pottenstein.de\/index.php?rest_route=\/wp\/v2\/pages\/761\/revisions"}],"predecessor-version":[{"id":2076,"href":"https:\/\/sg-pottenstein.de\/index.php?rest_route=\/wp\/v2\/pages\/761\/revisions\/2076"}],"up":[{"embeddable":true,"href":"https:\/\/sg-pottenstein.de\/index.php?rest_route=\/wp\/v2\/pages\/579"}],"wp:attachment":[{"href":"https:\/\/sg-pottenstein.de\/index.php?rest_route=%2Fwp%2Fv2%2Fmedia&parent=761"}],"curies":[{"name":"wp","href":"https:\/\/api.w.org\/{rel}","templated":true}]}}